{"id":13996,"date":"2021-04-29T21:03:12","date_gmt":"2021-04-30T01:03:12","guid":{"rendered":"https:\/\/clone.arsacs.com\/preguntas-frecuentes\/"},"modified":"2021-06-28T11:55:37","modified_gmt":"2021-06-28T15:55:37","slug":"preguntas-frecuentes","status":"publish","type":"page","link":"https:\/\/arsacs.com\/es\/preguntas-frecuentes\/","title":{"rendered":"Preguntas frecuentes"},"content":{"rendered":"<p>[et_pb_section fb_built=&#8221;1&#8243; custom_padding_last_edited=&#8221;on|tablet&#8221; next_background_color=&#8221;#ffffff&#8221; admin_label=&#8221;Hero&#8221; _builder_version=&#8221;4.8.2&#8243; use_background_color_gradient=&#8221;on&#8221; background_color_gradient_start=&#8221;rgba(255,255,255,0)&#8221; background_color_gradient_end=&#8221;#26a9e4&#8243; background_color_gradient_type=&#8221;radial&#8221; background_color_gradient_direction_radial=&#8221;top right&#8221; background_color_gradient_start_position=&#8221;20%&#8221; background_color_gradient_overlays_image=&#8221;on&#8221; background_image=&#8221;https:\/\/arsacs.com\/wp-content\/uploads\/2021\/03\/banner-general-1-scaled.jpg&#8221; custom_padding=&#8221;47px|0px|87px|0px|false|false&#8221; custom_padding_tablet=&#8221;50px||50px||true&#8221; custom_padding_phone=&#8221;|||&#8221; bottom_divider_style=&#8221;asymmetric&#8221; bottom_divider_height=&#8221;50px&#8221; bottom_divider_flip=&#8221;horizontal&#8221; bottom_divider_height_tablet=&#8221;90px&#8221; bottom_divider_height_phone=&#8221;80px&#8221;][et_pb_row column_structure=&#8221;2_3,1_3&#8243; _builder_version=&#8221;3.25&#8243; custom_width_px=&#8221;1280px&#8221;][et_pb_column type=&#8221;2_3&#8243; _builder_version=&#8221;3.25&#8243; custom_padding=&#8221;|||&#8221; custom_padding__hover=&#8221;|||&#8221;][et_pb_text _builder_version=&#8221;4.8.2&#8243; text_font=&#8221;Montserrat||||||||&#8221; text_text_color=&#8221;rgba(255,255,255,0.7)&#8221; text_font_size=&#8221;20px&#8221; text_line_height=&#8221;1.8em&#8221; header_font=&#8221;Montserrat|700|||||||&#8221; header_font_size=&#8221;44px&#8221; header_line_height=&#8221;1.4em&#8221; header_6_font=&#8221;Montserrat|600||on|||||&#8221; header_6_text_color=&#8221;rgba(255,255,255,0.7)&#8221; header_6_font_size=&#8221;16px&#8221; header_6_letter_spacing=&#8221;2px&#8221; header_6_line_height=&#8221;1.5em&#8221; background_layout=&#8221;dark&#8221; max_width=&#8221;780px&#8221; min_height=&#8221;39px&#8221; text_font_size_tablet=&#8221;&#8221; text_font_size_phone=&#8221;15px&#8221; text_font_size_last_edited=&#8221;on|phone&#8221; header_font_size_tablet=&#8221;&#8221; header_font_size_phone=&#8221;28px&#8221; header_font_size_last_edited=&#8221;on|phone&#8221;]<\/p>\n<h1 class=\"h-landmark entry-title\"><span>Preguntas frecuentes<\/span><\/h1>\n<p>[\/et_pb_text][\/et_pb_column][et_pb_column type=&#8221;1_3&#8243; _builder_version=&#8221;3.25&#8243; custom_padding=&#8221;|||&#8221; custom_padding__hover=&#8221;|||&#8221;][\/et_pb_column][\/et_pb_row][\/et_pb_section][et_pb_section fb_built=&#8221;1&#8243; admin_label=&#8221;Contact Info&#8221; _builder_version=&#8221;4.8.2&#8243; background_enable_color=&#8221;off&#8221; background_color_gradient_direction=&#8221;0deg&#8221; min_height=&#8221;417px&#8221; custom_padding=&#8221;|||&#8221;][et_pb_row _builder_version=&#8221;4.8.2&#8243; _module_preset=&#8221;default&#8221;][et_pb_column type=&#8221;4_4&#8243; _builder_version=&#8221;4.8.2&#8243; _module_preset=&#8221;default&#8221;][et_pb_toggle title=&#8221;\u00bfQu\u00e9 es un registro de pacientes?&#8221; _builder_version=&#8221;4.8.2&#8243; _module_preset=&#8221;default&#8221; title_level=&#8221;h2&#8243; title_font=&#8221;|700|||||||&#8221;]<\/p>\n<p>Un registro de pacientes es el conjunto de la informaci\u00f3n sobre personas con una condici\u00f3n espec\u00edfica. El Registro Internacional de ARSACS es para las personas con ataxia autos\u00f3mica, esp\u00e1stica y recesiva de Charlevoix-Saguenay (ARSACS). El Registro Internacional de Pacientes con ARSACS est\u00e1 patrocinado por la Fundaci\u00f3n Ataxia Charlevoix\u2013Saguenay, una organizaci\u00f3n de caridad.<\/p>\n<p>[\/et_pb_toggle][et_pb_toggle title=&#8221;\u00bfCu\u00e1les son los beneficios de unirse al registro de ARSACS?&#8221; _builder_version=&#8221;4.8.2&#8243; _module_preset=&#8221;default&#8221; title_level=&#8221;h2&#8243; title_font=&#8221;|700|||||||&#8221;]<\/p>\n<p>Al unirse al Registro Internacional de Pacientes con ARSACS, recibir\u00e1 informaci\u00f3n sobre los avances importantes y las oportunidades para participar en ensayos cl\u00ednicos. Adem\u00e1s, contribuir\u00e1 a desarrollar una red internacional, lo que conlleva una serie de impactos positivos indirectos (por ejemplo, una mayor concientizaci\u00f3n sobre esta enfermedad, obtener fondos para la investigaci\u00f3n y fomentar el inter\u00e9s de las empresas farmac\u00e9uticas).<\/p>\n<p>[\/et_pb_toggle][et_pb_toggle title=&#8221;\u00bfUn participante se puede registrar en m\u00e1s de un registro?&#8221; _builder_version=&#8221;4.8.2&#8243; _module_preset=&#8221;default&#8221; title_level=&#8221;h2&#8243; title_font=&#8221;|700|||||||&#8221;]<\/p>\n<p>S\u00ed. La participaci\u00f3n en el registro es voluntaria; un participante se puede registrar en m\u00e1s de un registro.<\/p>\n<p>[\/et_pb_toggle][et_pb_toggle title=&#8221;\u00bfExiste un riesgo de que se divulgue la informaci\u00f3n personal en el registro?&#8221; _builder_version=&#8221;4.8.2&#8243; _module_preset=&#8221;default&#8221; title_level=&#8221;h2&#8243; title_font=&#8221;|700|||||||&#8221;]<\/p>\n<p><span>La Fundaci\u00f3n Ataxia Charlevoix\u2013Saguenay toma todas las precauciones necesarias para garantizar la protecci\u00f3n de la informaci\u00f3n personal de los pacientes.<\/span><\/p>\n<p>[\/et_pb_toggle][et_pb_toggle title=&#8221;\u00bfQui\u00e9n tiene acceso a la informaci\u00f3n?&#8221; _builder_version=&#8221;4.8.2&#8243; _module_preset=&#8221;default&#8221; title_level=&#8221;h2&#8243; title_font=&#8221;|700|||||||&#8221;]<\/p>\n<p>Solo el administrador del registro de la Fundaci\u00f3n Ataxia Charlevoix-Saguenay tiene acceso a la informaci\u00f3n personal del participante. Ning\u00fan investigador o doctor tiene acceso a la identidad o la informaci\u00f3n personal de un paciente. Todos los datos est\u00e1n combinados. No se divulgar\u00e1 ninguna informaci\u00f3n individual espec\u00edfica.<\/p>\n<p>[\/et_pb_toggle][et_pb_toggle title=&#8221;\u00bfC\u00f3mo se actualizar\u00e1 mi informaci\u00f3n personal?&#8221; _builder_version=&#8221;4.8.2&#8243; _module_preset=&#8221;default&#8221; title_level=&#8221;h2&#8243; title_font=&#8221;|700|||||||&#8221;]<\/p>\n<p><span>El participante puede actualizar su informaci\u00f3n a lo largo del a\u00f1o. Para ello, debe enviar un correo electr\u00f3nico a la direcci\u00f3n <\/span><strong>administrateur@arsacs.com<\/strong><span>. <\/span><strong> <\/strong><span>Adem\u00e1s, una vez al a\u00f1o, el administrador del registro enviar\u00e1 un correo electr\u00f3nico al participante para que valide su informaci\u00f3n espec\u00edfica en el registro. <\/span><\/p>\n<p>[\/et_pb_toggle][et_pb_toggle title=&#8221;\u00bfEl participante se puede retirar del registro?&#8221; _builder_version=&#8221;4.8.2&#8243; _module_preset=&#8221;default&#8221; title_level=&#8221;h2&#8243; title_font=&#8221;|700|||||||&#8221;]<\/p>\n<p>El registro es voluntario y los participantes se pueden retirar en cualquier momento. TEl participante debe informar al administrador del registro de la Fundaci\u00f3n Ataxia Charlevoix-Saguenay de su decisi\u00f3n de retirarse del registro mediante un correo electr\u00f3nico a <strong>administrateur@arsacs.com<\/strong><\/p>\n<p>[\/et_pb_toggle][et_pb_toggle title=&#8221;\u00bfCon qui\u00e9n debe comunicarse el participante si tiene preguntas o consultas?&#8221; _builder_version=&#8221;4.8.2&#8243; _module_preset=&#8221;default&#8221; title_level=&#8221;h2&#8243; title_font=&#8221;|700|||||||&#8221;]<\/p>\n<p>El participante debe comunicarse con el administrador del registro de la Fundaci\u00f3n Ataxia Charlevoix-Saguenay si tiene preguntas o dudas sobre el registro mediante un correo electr\u00f3nico a <strong>administrateur@arsacs.com<\/strong><\/p>\n<p>[\/et_pb_toggle][et_pb_button button_url=&#8221;https:\/\/arsacs.com\/es\/registro\/&#8221; button_text=&#8221;Reg\u00edstrese aqu\u00ed&#8221; _builder_version=&#8221;4.8.2&#8243; _module_preset=&#8221;default&#8221;][\/et_pb_button][\/et_pb_column][\/et_pb_row][\/et_pb_section][et_pb_section fb_built=&#8221;1&#8243; custom_padding_last_edited=&#8221;off|desktop&#8221; prev_background_color=&#8221;#ffffff&#8221; admin_label=&#8221;Footer&#8221; module_id=&#8221;contact-footer&#8221; _builder_version=&#8221;4.8.2&#8243; use_background_color_gradient=&#8221;on&#8221; background_color_gradient_start=&#8221;rgba(40,167,227,0.5)&#8221; background_color_gradient_end=&#8221;rgba(255,255,255,0)&#8221; background_color_gradient_type=&#8221;radial&#8221; background_color_gradient_direction_radial=&#8221;top right&#8221; background_color_gradient_overlays_image=&#8221;on&#8221; background_image=&#8221;https:\/\/arsacs.com\/wp-content\/uploads\/2021\/02\/subscribe.png&#8221; custom_padding=&#8221;100px||100px||true&#8221; top_divider_style=&#8221;asymmetric&#8221; top_divider_height=&#8221;50px&#8221; top_divider_flip=&#8221;vertical|horizontal&#8221; saved_tabs=&#8221;all&#8221;][et_pb_row column_structure=&#8221;1_4,1_4,1_2&#8243; _builder_version=&#8221;4.8.2&#8243;][et_pb_column type=&#8221;1_4&#8243; _builder_version=&#8221;4.8.2&#8243; custom_padding=&#8221;2vw||||false|false&#8221; custom_padding__hover=&#8221;|||&#8221;][et_pb_blurb use_icon=&#8221;on&#8221; font_icon=&#8221;%%249%%&#8221; icon_color=&#8221;#52a2ec&#8221; use_circle=&#8221;on&#8221; circle_color=&#8221;#FFFFFF&#8221; use_icon_font_size=&#8221;on&#8221; icon_font_size=&#8221;20px&#8221; _builder_version=&#8221;4.9.4&#8243; header_font=&#8221;Montserrat||||||||&#8221; header_font_size=&#8221;16px&#8221; header_line_height=&#8221;1.5em&#8221; body_font=&#8221;Montserrat||||||||&#8221; body_text_color=&#8221;rgba(206,206,206,0.9)&#8221; body_font_size=&#8221;16px&#8221; body_line_height=&#8221;1.5em&#8221; text_orientation=&#8221;center&#8221; background_layout=&#8221;dark&#8221; custom_margin=&#8221;|||&#8221; custom_padding=&#8221;|||&#8221; border_radii=&#8221;on|10px|10px|10px|10px&#8221; locked=&#8221;off&#8221;]<\/p>\n<p>1000 Sherbrooke O, bur. 2100, Montr\u00e9al, QC H3A 3G4<\/p>\n<p>[\/et_pb_blurb][\/et_pb_column][et_pb_column type=&#8221;1_4&#8243; _builder_version=&#8221;4.8.2&#8243; custom_padding=&#8221;2vw||||false|false&#8221; custom_padding__hover=&#8221;|||&#8221;][et_pb_blurb use_icon=&#8221;on&#8221; font_icon=&#8221;%%238%%&#8221; icon_color=&#8221;#52a2ec&#8221; use_circle=&#8221;on&#8221; circle_color=&#8221;#FFFFFF&#8221; use_icon_font_size=&#8221;on&#8221; icon_font_size=&#8221;20px&#8221; _builder_version=&#8221;4.9.4&#8243; header_font=&#8221;Montserrat||||||||&#8221; header_font_size=&#8221;16px&#8221; header_line_height=&#8221;1.5em&#8221; body_font=&#8221;Montserrat||||||||&#8221; body_font_size=&#8221;16px&#8221; body_line_height=&#8221;1.5em&#8221; body_link_text_color=&#8221;rgba(206,206,206,0.9)&#8221; text_orientation=&#8221;center&#8221; background_layout=&#8221;dark&#8221; custom_margin=&#8221;|||&#8221; custom_padding=&#8221;|||&#8221; hover_enabled=&#8221;0&#8243; border_radii=&#8221;on|10px|10px|10px|10px&#8221; locked=&#8221;off&#8221; background_layout__hover_enabled=&#8221;on|desktop&#8221; sticky_enabled=&#8221;0&#8243;]<\/p>\n<p><a href=\"tel:15153703625\"><span>1 (514) 370-3625<\/span><\/a><br \/><a href=\"mailto:ataxia@arsacs.com\">ataxia@arsacs.com<\/a><\/p>\n<p>[\/et_pb_blurb][\/et_pb_column][et_pb_column type=&#8221;1_2&#8243; _builder_version=&#8221;3.25&#8243; custom_padding=&#8221;|||&#8221; custom_padding__hover=&#8221;|||&#8221;][et_pb_contact_form title=&#8221;P\u00f3ngase en contacto con la Fundaci\u00f3n ARSACS&#8221; _builder_version=&#8221;4.8.2&#8243; _module_preset=&#8221;default&#8221; form_field_background_color=&#8221;#FFFFFF&#8221; form_field_text_color=&#8221;#333333&#8243; form_field_focus_background_color=&#8221;rgba(255,255,255,0.75)&#8221; title_font=&#8221;Montserrat|700|||||||&#8221; title_text_align=&#8221;center&#8221; title_text_color=&#8221;#FFFFFF&#8221; title_font_size=&#8221;44px&#8221; captcha_text_color=&#8221;RGBA(206,206,206,0.9)&#8221; captcha_font_size=&#8221;18px&#8221; captcha_letter_spacing=&#8221;2px&#8221; custom_button=&#8221;on&#8221; button_text_color=&#8221;#FFFFFF&#8221; button_bg_color=&#8221;#52A2EC&#8221; button_border_width=&#8221;1px&#8221; button_border_color=&#8221;#FFFFFF&#8221; button_border_radius=&#8221;50px&#8221; button_font=&#8221;|700|||||||&#8221; custom_css_contact_fields=&#8221;border-radius: 5px;&#8221; custom_css_text_field=&#8221;border-radius: 5px;&#8221; custom_css_captcha_field=&#8221;border-radius: 5px;&#8221;][et_pb_contact_field field_id=&#8221;Name&#8221; field_title=&#8221;Nombre completo&#8221; _builder_version=&#8221;3.16&#8243; button_text_size__hover_enabled=&#8221;off&#8221; button_one_text_size__hover_enabled=&#8221;off&#8221; button_two_text_size__hover_enabled=&#8221;off&#8221; button_text_color__hover_enabled=&#8221;off&#8221; button_one_text_color__hover_enabled=&#8221;off&#8221; button_two_text_color__hover_enabled=&#8221;off&#8221; button_border_width__hover_enabled=&#8221;off&#8221; button_one_border_width__hover_enabled=&#8221;off&#8221; button_two_border_width__hover_enabled=&#8221;off&#8221; button_border_color__hover_enabled=&#8221;off&#8221; button_one_border_color__hover_enabled=&#8221;off&#8221; button_two_border_color__hover_enabled=&#8221;off&#8221; button_border_radius__hover_enabled=&#8221;off&#8221; button_one_border_radius__hover_enabled=&#8221;off&#8221; button_two_border_radius__hover_enabled=&#8221;off&#8221; button_letter_spacing__hover_enabled=&#8221;off&#8221; button_one_letter_spacing__hover_enabled=&#8221;off&#8221; button_two_letter_spacing__hover_enabled=&#8221;off&#8221; button_bg_color__hover_enabled=&#8221;off&#8221; button_one_bg_color__hover_enabled=&#8221;off&#8221; button_two_bg_color__hover_enabled=&#8221;off&#8221;][\/et_pb_contact_field][et_pb_contact_field field_id=&#8221;Email&#8221; field_title=&#8221;Correo electr\u00f3nico&#8221; field_type=&#8221;email&#8221; _builder_version=&#8221;3.16&#8243; button_text_size__hover_enabled=&#8221;off&#8221; button_one_text_size__hover_enabled=&#8221;off&#8221; button_two_text_size__hover_enabled=&#8221;off&#8221; button_text_color__hover_enabled=&#8221;off&#8221; button_one_text_color__hover_enabled=&#8221;off&#8221; button_two_text_color__hover_enabled=&#8221;off&#8221; button_border_width__hover_enabled=&#8221;off&#8221; button_one_border_width__hover_enabled=&#8221;off&#8221; button_two_border_width__hover_enabled=&#8221;off&#8221; button_border_color__hover_enabled=&#8221;off&#8221; button_one_border_color__hover_enabled=&#8221;off&#8221; button_two_border_color__hover_enabled=&#8221;off&#8221; button_border_radius__hover_enabled=&#8221;off&#8221; button_one_border_radius__hover_enabled=&#8221;off&#8221; button_two_border_radius__hover_enabled=&#8221;off&#8221; button_letter_spacing__hover_enabled=&#8221;off&#8221; button_one_letter_spacing__hover_enabled=&#8221;off&#8221; button_two_letter_spacing__hover_enabled=&#8221;off&#8221; button_bg_color__hover_enabled=&#8221;off&#8221; button_one_bg_color__hover_enabled=&#8221;off&#8221; button_two_bg_color__hover_enabled=&#8221;off&#8221;][\/et_pb_contact_field][et_pb_contact_field field_id=&#8221;Message&#8221; field_title=&#8221;Mensaje&#8221; field_type=&#8221;text&#8221; fullwidth_field=&#8221;on&#8221; _builder_version=&#8221;3.16&#8243; button_text_size__hover_enabled=&#8221;off&#8221; button_one_text_size__hover_enabled=&#8221;off&#8221; button_two_text_size__hover_enabled=&#8221;off&#8221; button_text_color__hover_enabled=&#8221;off&#8221; button_one_text_color__hover_enabled=&#8221;off&#8221; button_two_text_color__hover_enabled=&#8221;off&#8221; button_border_width__hover_enabled=&#8221;off&#8221; button_one_border_width__hover_enabled=&#8221;off&#8221; button_two_border_width__hover_enabled=&#8221;off&#8221; button_border_color__hover_enabled=&#8221;off&#8221; button_one_border_color__hover_enabled=&#8221;off&#8221; button_two_border_color__hover_enabled=&#8221;off&#8221; button_border_radius__hover_enabled=&#8221;off&#8221; button_one_border_radius__hover_enabled=&#8221;off&#8221; button_two_border_radius__hover_enabled=&#8221;off&#8221; button_letter_spacing__hover_enabled=&#8221;off&#8221; button_one_letter_spacing__hover_enabled=&#8221;off&#8221; button_two_letter_spacing__hover_enabled=&#8221;off&#8221; button_bg_color__hover_enabled=&#8221;off&#8221; button_one_bg_color__hover_enabled=&#8221;off&#8221; button_two_bg_color__hover_enabled=&#8221;off&#8221;][\/et_pb_contact_field][\/et_pb_contact_form][\/et_pb_column][\/et_pb_row][\/et_pb_section]<\/p>\n","protected":false},"excerpt":{"rendered":"<p>Preguntas frecuentesUn registro de pacientes es el conjunto de la informaci\u00f3n sobre personas con una condici\u00f3n espec\u00edfica. El Registro Internacional de ARSACS es para las personas con ataxia autos\u00f3mica, esp\u00e1stica y recesiva de Charlevoix-Saguenay (ARSACS). El Registro Internacional de Pacientes con ARSACS est\u00e1 patrocinado por la Fundaci\u00f3n Ataxia Charlevoix\u2013Saguenay, una organizaci\u00f3n de caridad.Al unirse al [&hellip;]<\/p>\n","protected":false},"author":3,"featured_media":0,"parent":0,"menu_order":0,"comment_status":"closed","ping_status":"closed","template":"","meta":{"_et_pb_use_builder":"on","_et_pb_old_content":"","_et_gb_content_width":"","inline_featured_image":false,"footnotes":""},"class_list":["post-13996","page","type-page","status-publish","hentry"],"yoast_head":"<!-- This site is optimized with the Yoast SEO plugin v27.4 - https:\/\/yoast.com\/product\/yoast-seo-wordpress\/ -->\n<title>Preguntas frecuentes - ARSACS<\/title>\n<meta name=\"robots\" content=\"index, follow, max-snippet:-1, max-image-preview:large, max-video-preview:-1\" \/>\n<link rel=\"canonical\" href=\"https:\/\/arsacs.com\/frequently-asked-questions\/\" \/>\n<meta property=\"og:locale\" content=\"es_ES\" \/>\n<meta property=\"og:type\" content=\"article\" \/>\n<meta property=\"og:title\" content=\"Preguntas frecuentes - ARSACS\" \/>\n<meta property=\"og:description\" content=\"Preguntas frecuentesUn registro de pacientes es el conjunto de la informaci\u00f3n sobre personas con una condici\u00f3n espec\u00edfica. El Registro Internacional de ARSACS es para las personas con ataxia autos\u00f3mica, esp\u00e1stica y recesiva de Charlevoix-Saguenay (ARSACS). El Registro Internacional de Pacientes con ARSACS est\u00e1 patrocinado por la Fundaci\u00f3n Ataxia Charlevoix\u2013Saguenay, una organizaci\u00f3n de caridad.Al unirse al [&hellip;]\" \/>\n<meta property=\"og:url\" content=\"https:\/\/arsacs.com\/frequently-asked-questions\/\" \/>\n<meta property=\"og:site_name\" content=\"ARSACS\" \/>\n<meta property=\"article:publisher\" content=\"https:\/\/www.facebook.com\/profile.php?id=100044457429916\" \/>\n<meta property=\"article:modified_time\" content=\"2021-06-28T15:55:37+00:00\" \/>\n<meta name=\"twitter:card\" content=\"summary_large_image\" \/>\n<meta name=\"twitter:label1\" content=\"Est. reading time\" \/>\n\t<meta name=\"twitter:data1\" content=\"9 minutes\" \/>\n<script type=\"application\/ld+json\" class=\"yoast-schema-graph\">{\"@context\":\"https:\\\/\\\/schema.org\",\"@graph\":[{\"@type\":\"WebPage\",\"@id\":\"https:\\\/\\\/arsacs.com\\\/frequently-asked-questions\\\/\",\"url\":\"https:\\\/\\\/arsacs.com\\\/frequently-asked-questions\\\/\",\"name\":\"Preguntas frecuentes - ARSACS\",\"isPartOf\":{\"@id\":\"https:\\\/\\\/arsacs.com\\\/#website\"},\"datePublished\":\"2021-04-30T01:03:12+00:00\",\"dateModified\":\"2021-06-28T15:55:37+00:00\",\"breadcrumb\":{\"@id\":\"https:\\\/\\\/arsacs.com\\\/frequently-asked-questions\\\/#breadcrumb\"},\"inLanguage\":\"es-ES\",\"potentialAction\":[{\"@type\":\"ReadAction\",\"target\":[\"https:\\\/\\\/arsacs.com\\\/frequently-asked-questions\\\/\"]}]},{\"@type\":\"BreadcrumbList\",\"@id\":\"https:\\\/\\\/arsacs.com\\\/frequently-asked-questions\\\/#breadcrumb\",\"itemListElement\":[{\"@type\":\"ListItem\",\"position\":1,\"name\":\"Home\",\"item\":\"https:\\\/\\\/arsacs.com\\\/fr\\\/\"},{\"@type\":\"ListItem\",\"position\":2,\"name\":\"Preguntas frecuentes\"}]},{\"@type\":\"WebSite\",\"@id\":\"https:\\\/\\\/arsacs.com\\\/#website\",\"url\":\"https:\\\/\\\/arsacs.com\\\/\",\"name\":\"Fondation de l'Ataxie Charlevoix-Saguenay\",\"description\":\"Research That Heals\",\"publisher\":{\"@id\":\"https:\\\/\\\/arsacs.com\\\/#organization\"},\"potentialAction\":[{\"@type\":\"SearchAction\",\"target\":{\"@type\":\"EntryPoint\",\"urlTemplate\":\"https:\\\/\\\/arsacs.com\\\/?s={search_term_string}\"},\"query-input\":{\"@type\":\"PropertyValueSpecification\",\"valueRequired\":true,\"valueName\":\"search_term_string\"}}],\"inLanguage\":\"es-ES\"},{\"@type\":\"Organization\",\"@id\":\"https:\\\/\\\/arsacs.com\\\/#organization\",\"name\":\"ARSACS\",\"url\":\"https:\\\/\\\/arsacs.com\\\/\",\"logo\":{\"@type\":\"ImageObject\",\"inLanguage\":\"es-ES\",\"@id\":\"https:\\\/\\\/arsacs.com\\\/#\\\/schema\\\/logo\\\/image\\\/\",\"url\":\"https:\\\/\\\/arsacs.com\\\/wp-content\\\/uploads\\\/2021\\\/06\\\/logo_ARSACS_fr_flat.png\",\"contentUrl\":\"https:\\\/\\\/arsacs.com\\\/wp-content\\\/uploads\\\/2021\\\/06\\\/logo_ARSACS_fr_flat.png\",\"width\":291,\"height\":84,\"caption\":\"ARSACS\"},\"image\":{\"@id\":\"https:\\\/\\\/arsacs.com\\\/#\\\/schema\\\/logo\\\/image\\\/\"},\"sameAs\":[\"https:\\\/\\\/www.facebook.com\\\/profile.php?id=100044457429916\"]}]}<\/script>\n<!-- \/ Yoast SEO plugin. -->","yoast_head_json":{"title":"Preguntas frecuentes - ARSACS","robots":{"index":"index","follow":"follow","max-snippet":"max-snippet:-1","max-image-preview":"max-image-preview:large","max-video-preview":"max-video-preview:-1"},"canonical":"https:\/\/arsacs.com\/frequently-asked-questions\/","og_locale":"es_ES","og_type":"article","og_title":"Preguntas frecuentes - ARSACS","og_description":"Preguntas frecuentesUn registro de pacientes es el conjunto de la informaci\u00f3n sobre personas con una condici\u00f3n espec\u00edfica. El Registro Internacional de ARSACS es para las personas con ataxia autos\u00f3mica, esp\u00e1stica y recesiva de Charlevoix-Saguenay (ARSACS). El Registro Internacional de Pacientes con ARSACS est\u00e1 patrocinado por la Fundaci\u00f3n Ataxia Charlevoix\u2013Saguenay, una organizaci\u00f3n de caridad.Al unirse al [&hellip;]","og_url":"https:\/\/arsacs.com\/frequently-asked-questions\/","og_site_name":"ARSACS","article_publisher":"https:\/\/www.facebook.com\/profile.php?id=100044457429916","article_modified_time":"2021-06-28T15:55:37+00:00","twitter_card":"summary_large_image","twitter_misc":{"Est. reading time":"9 minutes"},"schema":{"@context":"https:\/\/schema.org","@graph":[{"@type":"WebPage","@id":"https:\/\/arsacs.com\/frequently-asked-questions\/","url":"https:\/\/arsacs.com\/frequently-asked-questions\/","name":"Preguntas frecuentes - ARSACS","isPartOf":{"@id":"https:\/\/arsacs.com\/#website"},"datePublished":"2021-04-30T01:03:12+00:00","dateModified":"2021-06-28T15:55:37+00:00","breadcrumb":{"@id":"https:\/\/arsacs.com\/frequently-asked-questions\/#breadcrumb"},"inLanguage":"es-ES","potentialAction":[{"@type":"ReadAction","target":["https:\/\/arsacs.com\/frequently-asked-questions\/"]}]},{"@type":"BreadcrumbList","@id":"https:\/\/arsacs.com\/frequently-asked-questions\/#breadcrumb","itemListElement":[{"@type":"ListItem","position":1,"name":"Home","item":"https:\/\/arsacs.com\/fr\/"},{"@type":"ListItem","position":2,"name":"Preguntas frecuentes"}]},{"@type":"WebSite","@id":"https:\/\/arsacs.com\/#website","url":"https:\/\/arsacs.com\/","name":"Fondation de l'Ataxie Charlevoix-Saguenay","description":"Research That Heals","publisher":{"@id":"https:\/\/arsacs.com\/#organization"},"potentialAction":[{"@type":"SearchAction","target":{"@type":"EntryPoint","urlTemplate":"https:\/\/arsacs.com\/?s={search_term_string}"},"query-input":{"@type":"PropertyValueSpecification","valueRequired":true,"valueName":"search_term_string"}}],"inLanguage":"es-ES"},{"@type":"Organization","@id":"https:\/\/arsacs.com\/#organization","name":"ARSACS","url":"https:\/\/arsacs.com\/","logo":{"@type":"ImageObject","inLanguage":"es-ES","@id":"https:\/\/arsacs.com\/#\/schema\/logo\/image\/","url":"https:\/\/arsacs.com\/wp-content\/uploads\/2021\/06\/logo_ARSACS_fr_flat.png","contentUrl":"https:\/\/arsacs.com\/wp-content\/uploads\/2021\/06\/logo_ARSACS_fr_flat.png","width":291,"height":84,"caption":"ARSACS"},"image":{"@id":"https:\/\/arsacs.com\/#\/schema\/logo\/image\/"},"sameAs":["https:\/\/www.facebook.com\/profile.php?id=100044457429916"]}]}},"_links":{"self":[{"href":"https:\/\/arsacs.com\/es\/wp-json\/wp\/v2\/pages\/13996","targetHints":{"allow":["GET"]}}],"collection":[{"href":"https:\/\/arsacs.com\/es\/wp-json\/wp\/v2\/pages"}],"about":[{"href":"https:\/\/arsacs.com\/es\/wp-json\/wp\/v2\/types\/page"}],"author":[{"embeddable":true,"href":"https:\/\/arsacs.com\/es\/wp-json\/wp\/v2\/users\/3"}],"replies":[{"embeddable":true,"href":"https:\/\/arsacs.com\/es\/wp-json\/wp\/v2\/comments?post=13996"}],"version-history":[{"count":7,"href":"https:\/\/arsacs.com\/es\/wp-json\/wp\/v2\/pages\/13996\/revisions"}],"predecessor-version":[{"id":14087,"href":"https:\/\/arsacs.com\/es\/wp-json\/wp\/v2\/pages\/13996\/revisions\/14087"}],"wp:attachment":[{"href":"https:\/\/arsacs.com\/es\/wp-json\/wp\/v2\/media?parent=13996"}],"curies":[{"name":"wp","href":"https:\/\/api.w.org\/{rel}","templated":true}]}}