{"id":13179,"date":"2021-04-29T21:03:12","date_gmt":"2021-04-30T01:03:12","guid":{"rendered":"https:\/\/clone.arsacs.com\/frequently-asked-questions\/"},"modified":"2021-07-12T19:01:21","modified_gmt":"2021-07-12T23:01:21","slug":"foire-aux-questions","status":"publish","type":"page","link":"https:\/\/arsacs.com\/fr\/foire-aux-questions\/","title":{"rendered":"Foire aux questions"},"content":{"rendered":"<p>[et_pb_section fb_built=&#8221;1&#8243; custom_padding_last_edited=&#8221;on|tablet&#8221; next_background_color=&#8221;#ffffff&#8221; admin_label=&#8221;Hero&#8221; _builder_version=&#8221;4.8.2&#8243; use_background_color_gradient=&#8221;on&#8221; background_color_gradient_start=&#8221;rgba(255,255,255,0)&#8221; background_color_gradient_end=&#8221;#26a9e4&#8243; background_color_gradient_type=&#8221;radial&#8221; background_color_gradient_direction_radial=&#8221;top right&#8221; background_color_gradient_start_position=&#8221;20%&#8221; background_color_gradient_overlays_image=&#8221;on&#8221; background_image=&#8221;https:\/\/arsacs.com\/wp-content\/uploads\/2021\/03\/banner-general-1-scaled.jpg&#8221; custom_padding=&#8221;47px|0px|87px|0px|false|false&#8221; custom_padding_tablet=&#8221;50px||50px||true&#8221; custom_padding_phone=&#8221;|||&#8221; bottom_divider_style=&#8221;asymmetric&#8221; bottom_divider_height=&#8221;50px&#8221; bottom_divider_flip=&#8221;horizontal&#8221; bottom_divider_height_tablet=&#8221;90px&#8221; bottom_divider_height_phone=&#8221;80px&#8221;][et_pb_row column_structure=&#8221;2_3,1_3&#8243; _builder_version=&#8221;3.25&#8243; custom_width_px=&#8221;1280px&#8221;][et_pb_column type=&#8221;2_3&#8243; _builder_version=&#8221;3.25&#8243; custom_padding=&#8221;|||&#8221; custom_padding__hover=&#8221;|||&#8221;][et_pb_text _builder_version=&#8221;4.8.2&#8243; text_font=&#8221;Montserrat||||||||&#8221; text_text_color=&#8221;rgba(255,255,255,0.7)&#8221; text_font_size=&#8221;20px&#8221; text_line_height=&#8221;1.8em&#8221; header_font=&#8221;Montserrat|700|||||||&#8221; header_font_size=&#8221;44px&#8221; header_line_height=&#8221;1.4em&#8221; header_6_font=&#8221;Montserrat|600||on|||||&#8221; header_6_text_color=&#8221;rgba(255,255,255,0.7)&#8221; header_6_font_size=&#8221;16px&#8221; header_6_letter_spacing=&#8221;2px&#8221; header_6_line_height=&#8221;1.5em&#8221; background_layout=&#8221;dark&#8221; max_width=&#8221;780px&#8221; min_height=&#8221;39px&#8221; text_font_size_tablet=&#8221;&#8221; text_font_size_phone=&#8221;15px&#8221; text_font_size_last_edited=&#8221;on|phone&#8221; header_font_size_tablet=&#8221;&#8221; header_font_size_phone=&#8221;28px&#8221; header_font_size_last_edited=&#8221;on|phone&#8221;]<\/p>\n<h1 class=\"h-landmark entry-title\"><span>Foire aux questions<\/span><\/h1>\n<p>[\/et_pb_text][\/et_pb_column][et_pb_column type=&#8221;1_3&#8243; _builder_version=&#8221;3.25&#8243; custom_padding=&#8221;|||&#8221; custom_padding__hover=&#8221;|||&#8221;][\/et_pb_column][\/et_pb_row][\/et_pb_section][et_pb_section fb_built=&#8221;1&#8243; admin_label=&#8221;Contact Info&#8221; _builder_version=&#8221;4.8.2&#8243; background_enable_color=&#8221;off&#8221; background_color_gradient_direction=&#8221;0deg&#8221; min_height=&#8221;417px&#8221; custom_padding=&#8221;|||&#8221;][et_pb_row _builder_version=&#8221;4.8.2&#8243; _module_preset=&#8221;default&#8221;][et_pb_column type=&#8221;4_4&#8243; _builder_version=&#8221;4.8.2&#8243; _module_preset=&#8221;default&#8221;][et_pb_toggle title=&#8221;Qu\u2019est-ce qu\u2019un registre de patients?&#8221; _builder_version=&#8221;4.9.4&#8243; _module_preset=&#8221;default&#8221; title_level=&#8221;h2&#8243; title_font=&#8221;|700|||||||&#8221;]<\/p>\n<p>Un registre de patients est une banque de donn\u00e9es sur les individus qui ont une maladie sp\u00e9cifique. Le registre international ARSACS s\u2019adresse aux personnes atteintes de l\u2019ataxie spastique autosomique r\u00e9cessive de Charlevoix-Saguenay (ARSACS). Le registre international des patients ARSACS est parrain\u00e9 par la Fondation de l\u2019Ataxie Charlevoix-Saguenay, un organisme de bienfaisance.<\/p>\n<p>[\/et_pb_toggle][et_pb_toggle title=&#8221;Quels sont les avantages de s\u2019inscrire au registre des patients ARSACS ?&#8221; _builder_version=&#8221;4.9.4&#8243; _module_preset=&#8221;default&#8221; title_level=&#8221;h2&#8243; title_font=&#8221;|700|||||||&#8221;]<\/p>\n<p>En vous inscrivant au registre international des patients ARSACS, vous serez tenus au courant de tout d\u00e9veloppement majeur et des possibilit\u00e9s d\u2019essais cliniques. De plus, ce registre permet de construire un r\u00e9seau international en accordant indirectement une plus grande r\u00e9sonance dans le milieu, telle qu\u2019accro\u00eetre la notori\u00e9t\u00e9 de la maladie, augmenter les occasions de financement pour la recherche, susciter l\u2019int\u00e9r\u00eat des chercheurs et surtout de l\u2019industrie pharmaceutique.<\/p>\n<p>[\/et_pb_toggle][et_pb_toggle title=&#8221;Un participant peut-il \u00eatre inscrit \u00e0 plusieurs registres?&#8221; _builder_version=&#8221;4.8.2&#8243; _module_preset=&#8221;default&#8221; title_level=&#8221;h2&#8243; title_font=&#8221;|700|||||||&#8221;]<\/p>\n<p>Oui. La participation au registre est volontaire et un participant peut \u00eatre inscrit \u00e0 plusieurs registres.<\/p>\n<p>[\/et_pb_toggle][et_pb_toggle title=&#8221;Y a-t-il un risque que les renseignements personnels recueillis dans le registre soient divulgu\u00e9s?&#8221; _builder_version=&#8221;4.8.2&#8243; _module_preset=&#8221;default&#8221; title_level=&#8221;h2&#8243; title_font=&#8221;|700|||||||&#8221;]<\/p>\n<p><span>La Fondation de l\u2019Ataxie Charlevoix-Saguenay prend toutes les mesures n\u00e9cessaires pour s\u2019assurer que les informations personnelles du patient soient prot\u00e9g\u00e9es.<\/span><\/p>\n<p>[\/et_pb_toggle][et_pb_toggle title=&#8221;Qui a acc\u00e8s aux donn\u00e9es?&#8221; _builder_version=&#8221;4.9.4&#8243; _module_preset=&#8221;default&#8221; title_level=&#8221;h2&#8243; title_font=&#8221;|700|||||||&#8221;]<\/p>\n<p>Uniquement l\u2019administrateur du registre de la Fondation de l\u2019Ataxie Charlevoix-Saguenay a acc\u00e8s aux informations personnelles des participants. Aucun chercheur ou m\u00e9decin n\u2019a acc\u00e8s \u00e0 l\u2019identit\u00e9 ou aux renseignements personnels d\u2019un participant. Toutes les donn\u00e9es seront au niveau agr\u00e9g\u00e9. Aucune information individuelle sp\u00e9cifique ne sera divulgu\u00e9e.<\/p>\n<p>[\/et_pb_toggle][et_pb_toggle title=&#8221;Comment mes informations personnelles seront-elles mises \u00e0 jour?&#8221; _builder_version=&#8221;4.8.2&#8243; _module_preset=&#8221;default&#8221; title_level=&#8221;h2&#8243; title_font=&#8221;|700|||||||&#8221;]<\/p>\n<p><span>Le participant pourra mettre \u00e0 jour ses informations tout au long de l\u2019ann\u00e9e en envoyant un courriel \u00e0<\/span> <strong>administrateur@<\/strong><strong>arsacs.com<\/strong><span>.<\/span> <span>De plus, l\u2019administrateur du registre enverra une fois par ann\u00e9e un courriel au participant pour valider ses informations contenues dans le registre.<\/span><\/p>\n<p>[\/et_pb_toggle][et_pb_toggle title=&#8221;Un participant peut-il retirer son inscription du registre?&#8221; _builder_version=&#8221;4.9.4&#8243; _module_preset=&#8221;default&#8221; title_level=&#8221;h2&#8243; title_font=&#8221;|700|||||||&#8221; hover_enabled=&#8221;0&#8243; sticky_enabled=&#8221;0&#8243;]<\/p>\n<p>L\u2019inscription est sur une base volontaire et un participant peut demander \u00e0 se soustraire du registre \u00e0 tout moment. Le participant doit informer l\u2019administrateur du registre de la Fondation de l\u2019Ataxie Charlevoix-Saguenay de sa d\u00e9cision de se retirer du registre en envoyant un courriel \u00e0 : <strong>administrateur@arsacs.com<\/strong><\/p>\n<p>[\/et_pb_toggle][et_pb_toggle title=&#8221;Qui le participant devrait-il contacter concernant ses questions ou pr\u00e9occupations?&#8221; _builder_version=&#8221;4.8.2&#8243; _module_preset=&#8221;default&#8221; title_level=&#8221;h2&#8243; title_font=&#8221;|700|||||||&#8221;]<\/p>\n<p>Le participant devrait contacter l\u2019administrateur du registre de la Fondation de l\u2019Ataxie Charlevoix-Saguenay pour toute question ou pr\u00e9occupation concernant le registre en envoyant un courriel \u00e0: <strong>administrateur@arsacs.com<\/strong><\/p>\n<p>[\/et_pb_toggle][et_pb_button button_url=&#8221;https:\/\/arsacs.com\/fr\/inscription\/&#8221; button_text=&#8221;S&#8217;inscrire ici&#8221; _builder_version=&#8221;4.8.2&#8243; _module_preset=&#8221;default&#8221;][\/et_pb_button][\/et_pb_column][\/et_pb_row][\/et_pb_section][et_pb_section fb_built=&#8221;1&#8243; custom_padding_last_edited=&#8221;off|desktop&#8221; prev_background_color=&#8221;#ffffff&#8221; admin_label=&#8221;Footer&#8221; module_id=&#8221;contact-footer&#8221; _builder_version=&#8221;4.8.2&#8243; use_background_color_gradient=&#8221;on&#8221; background_color_gradient_start=&#8221;rgba(40,167,227,0.5)&#8221; background_color_gradient_end=&#8221;rgba(255,255,255,0)&#8221; background_color_gradient_type=&#8221;radial&#8221; background_color_gradient_direction_radial=&#8221;top right&#8221; background_color_gradient_overlays_image=&#8221;on&#8221; background_image=&#8221;https:\/\/arsacs.com\/wp-content\/uploads\/2021\/02\/subscribe.png&#8221; custom_padding=&#8221;100px||100px||true&#8221; top_divider_style=&#8221;asymmetric&#8221; top_divider_height=&#8221;50px&#8221; top_divider_flip=&#8221;vertical|horizontal&#8221; global_module=&#8221;10732&#8243; saved_tabs=&#8221;all&#8221;][et_pb_row column_structure=&#8221;1_4,1_4,1_2&#8243; use_custom_gutter=&#8221;on&#8221; gutter_width=&#8221;1&#8243; make_equal=&#8221;on&#8221; module_id=&#8221;contact-arsacs&#8221; _builder_version=&#8221;4.9.4&#8243;][et_pb_column type=&#8221;1_4&#8243; _builder_version=&#8221;4.8.2&#8243; custom_padding=&#8221;2vw||||false|false&#8221; custom_padding__hover=&#8221;|||&#8221;][et_pb_blurb use_icon=&#8221;on&#8221; font_icon=&#8221;%%249%%&#8221; icon_color=&#8221;#52a2ec&#8221; use_circle=&#8221;on&#8221; circle_color=&#8221;#FFFFFF&#8221; content_max_width=&#8221;570px&#8221; use_icon_font_size=&#8221;on&#8221; icon_font_size=&#8221;20px&#8221; _builder_version=&#8221;4.8.2&#8243; header_font=&#8221;Montserrat||||||||&#8221; header_font_size=&#8221;16px&#8221; header_line_height=&#8221;1.5em&#8221; body_font=&#8221;Montserrat||||||||&#8221; body_text_color=&#8221;rgba(206,206,206,0.9)&#8221; body_font_size=&#8221;16px&#8221; body_line_height=&#8221;1.5em&#8221; text_orientation=&#8221;center&#8221; background_layout=&#8221;dark&#8221; custom_margin=&#8221;|||&#8221; custom_padding=&#8221;|||&#8221; border_radii=&#8221;on|10px|10px|10px|10px&#8221; locked=&#8221;off&#8221;]<\/p>\n<p>1000 Sherbrooke O, bur. 2100, Montr\u00e9al, QC H3A 3G4<\/p>\n<p>[\/et_pb_blurb][\/et_pb_column][et_pb_column type=&#8221;1_4&#8243; _builder_version=&#8221;4.8.2&#8243; custom_padding=&#8221;2vw||||false|false&#8221; custom_padding__hover=&#8221;|||&#8221;][et_pb_blurb use_icon=&#8221;on&#8221; font_icon=&#8221;%%238%%&#8221; icon_color=&#8221;#52a2ec&#8221; use_circle=&#8221;on&#8221; circle_color=&#8221;#FFFFFF&#8221; content_max_width=&#8221;570px&#8221; use_icon_font_size=&#8221;on&#8221; icon_font_size=&#8221;20px&#8221; _builder_version=&#8221;4.8.2&#8243; header_font=&#8221;Montserrat||||||||&#8221; header_font_size=&#8221;16px&#8221; header_line_height=&#8221;1.5em&#8221; body_font=&#8221;Montserrat||||||||&#8221; body_font_size=&#8221;16px&#8221; body_line_height=&#8221;1.5em&#8221; body_link_text_color=&#8221;rgba(206,206,206,0.9)&#8221; text_orientation=&#8221;center&#8221; background_layout=&#8221;dark&#8221; custom_margin=&#8221;|||&#8221; custom_padding=&#8221;|||&#8221; border_radii=&#8221;on|10px|10px|10px|10px&#8221; locked=&#8221;off&#8221; background_layout__hover_enabled=&#8221;on|desktop&#8221;]<\/p>\n<p><a href=\"tel:15153703625\"><span>1 (514) 370-3625<\/span><\/a><br \/> <a href=\"mailto:ataxia@arsacs.com\">ataxie@arsacs.com<\/a><\/p>\n<p>[\/et_pb_blurb][\/et_pb_column][et_pb_column type=&#8221;1_2&#8243; _builder_version=&#8221;3.25&#8243; custom_padding=&#8221;|||&#8221; custom_padding__hover=&#8221;|||&#8221;][et_pb_contact_form title=&#8221;Contactez Fondation de l&#8217;Ataxie Charlevoix-Saguenay&#8221; _builder_version=&#8221;4.8.2&#8243; _module_preset=&#8221;default&#8221; form_field_background_color=&#8221;#FFFFFF&#8221; form_field_text_color=&#8221;#333333&#8243; form_field_focus_background_color=&#8221;rgba(255,255,255,0.75)&#8221; title_font=&#8221;Montserrat|700|||||||&#8221; title_text_align=&#8221;center&#8221; title_text_color=&#8221;#FFFFFF&#8221; title_font_size=&#8221;44px&#8221; captcha_text_color=&#8221;RGBA(206,206,206,0.9)&#8221; captcha_font_size=&#8221;18px&#8221; captcha_letter_spacing=&#8221;2px&#8221; custom_button=&#8221;on&#8221; button_text_color=&#8221;#FFFFFF&#8221; button_bg_color=&#8221;#52A2EC&#8221; button_border_width=&#8221;1px&#8221; button_border_color=&#8221;#FFFFFF&#8221; button_border_radius=&#8221;50px&#8221; button_font=&#8221;|700|||||||&#8221; custom_css_contact_fields=&#8221;border-radius: 5px;&#8221; custom_css_text_field=&#8221;border-radius: 5px;&#8221; custom_css_captcha_field=&#8221;border-radius: 5px;&#8221;][et_pb_contact_field field_id=&#8221;Name&#8221; field_title=&#8221;Nom&#8221; _builder_version=&#8221;3.16&#8243; button_text_size__hover_enabled=&#8221;off&#8221; button_one_text_size__hover_enabled=&#8221;off&#8221; button_two_text_size__hover_enabled=&#8221;off&#8221; button_text_color__hover_enabled=&#8221;off&#8221; button_one_text_color__hover_enabled=&#8221;off&#8221; button_two_text_color__hover_enabled=&#8221;off&#8221; button_border_width__hover_enabled=&#8221;off&#8221; button_one_border_width__hover_enabled=&#8221;off&#8221; button_two_border_width__hover_enabled=&#8221;off&#8221; button_border_color__hover_enabled=&#8221;off&#8221; button_one_border_color__hover_enabled=&#8221;off&#8221; button_two_border_color__hover_enabled=&#8221;off&#8221; button_border_radius__hover_enabled=&#8221;off&#8221; button_one_border_radius__hover_enabled=&#8221;off&#8221; button_two_border_radius__hover_enabled=&#8221;off&#8221; button_letter_spacing__hover_enabled=&#8221;off&#8221; button_one_letter_spacing__hover_enabled=&#8221;off&#8221; button_two_letter_spacing__hover_enabled=&#8221;off&#8221; button_bg_color__hover_enabled=&#8221;off&#8221; button_one_bg_color__hover_enabled=&#8221;off&#8221; button_two_bg_color__hover_enabled=&#8221;off&#8221;][\/et_pb_contact_field][et_pb_contact_field field_id=&#8221;Email&#8221; field_title=&#8221;Courriel&#8221; field_type=&#8221;email&#8221; _builder_version=&#8221;3.16&#8243; button_text_size__hover_enabled=&#8221;off&#8221; button_one_text_size__hover_enabled=&#8221;off&#8221; button_two_text_size__hover_enabled=&#8221;off&#8221; button_text_color__hover_enabled=&#8221;off&#8221; button_one_text_color__hover_enabled=&#8221;off&#8221; button_two_text_color__hover_enabled=&#8221;off&#8221; button_border_width__hover_enabled=&#8221;off&#8221; button_one_border_width__hover_enabled=&#8221;off&#8221; button_two_border_width__hover_enabled=&#8221;off&#8221; button_border_color__hover_enabled=&#8221;off&#8221; button_one_border_color__hover_enabled=&#8221;off&#8221; button_two_border_color__hover_enabled=&#8221;off&#8221; button_border_radius__hover_enabled=&#8221;off&#8221; button_one_border_radius__hover_enabled=&#8221;off&#8221; button_two_border_radius__hover_enabled=&#8221;off&#8221; button_letter_spacing__hover_enabled=&#8221;off&#8221; button_one_letter_spacing__hover_enabled=&#8221;off&#8221; button_two_letter_spacing__hover_enabled=&#8221;off&#8221; button_bg_color__hover_enabled=&#8221;off&#8221; button_one_bg_color__hover_enabled=&#8221;off&#8221; button_two_bg_color__hover_enabled=&#8221;off&#8221;][\/et_pb_contact_field][et_pb_contact_field field_id=&#8221;Message&#8221; field_title=&#8221;Message&#8221; field_type=&#8221;text&#8221; fullwidth_field=&#8221;on&#8221; _builder_version=&#8221;3.16&#8243; button_text_size__hover_enabled=&#8221;off&#8221; button_one_text_size__hover_enabled=&#8221;off&#8221; button_two_text_size__hover_enabled=&#8221;off&#8221; button_text_color__hover_enabled=&#8221;off&#8221; button_one_text_color__hover_enabled=&#8221;off&#8221; button_two_text_color__hover_enabled=&#8221;off&#8221; button_border_width__hover_enabled=&#8221;off&#8221; button_one_border_width__hover_enabled=&#8221;off&#8221; button_two_border_width__hover_enabled=&#8221;off&#8221; button_border_color__hover_enabled=&#8221;off&#8221; button_one_border_color__hover_enabled=&#8221;off&#8221; button_two_border_color__hover_enabled=&#8221;off&#8221; button_border_radius__hover_enabled=&#8221;off&#8221; button_one_border_radius__hover_enabled=&#8221;off&#8221; button_two_border_radius__hover_enabled=&#8221;off&#8221; button_letter_spacing__hover_enabled=&#8221;off&#8221; button_one_letter_spacing__hover_enabled=&#8221;off&#8221; button_two_letter_spacing__hover_enabled=&#8221;off&#8221; button_bg_color__hover_enabled=&#8221;off&#8221; button_one_bg_color__hover_enabled=&#8221;off&#8221; button_two_bg_color__hover_enabled=&#8221;off&#8221;][\/et_pb_contact_field][\/et_pb_contact_form][\/et_pb_column][\/et_pb_row][\/et_pb_section]<\/p>\n","protected":false},"excerpt":{"rendered":"<p>Foire aux questionsUn registre de patients est une banque de donn\u00e9es sur les individus qui ont une maladie sp\u00e9cifique. Le registre international ARSACS s\u2019adresse aux personnes atteintes de l\u2019ataxie spastique autosomique r\u00e9cessive de Charlevoix-Saguenay (ARSACS). Le registre international des patients ARSACS est parrain\u00e9 par la Fondation de l\u2019Ataxie Charlevoix-Saguenay, un organisme de bienfaisance.En vous inscrivant [&hellip;]<\/p>\n","protected":false},"author":3,"featured_media":0,"parent":0,"menu_order":0,"comment_status":"closed","ping_status":"closed","template":"","meta":{"_et_pb_use_builder":"on","_et_pb_old_content":"","_et_gb_content_width":"","inline_featured_image":false,"footnotes":""},"class_list":["post-13179","page","type-page","status-publish","hentry"],"yoast_head":"<!-- This site is optimized with the Yoast SEO plugin v27.3 - https:\/\/yoast.com\/product\/yoast-seo-wordpress\/ -->\n<title>Foire aux questions - ARSACS<\/title>\n<meta name=\"robots\" content=\"index, follow, max-snippet:-1, max-image-preview:large, max-video-preview:-1\" \/>\n<link rel=\"canonical\" href=\"https:\/\/arsacs.com\/fr\/foire-aux-questions\/\" \/>\n<meta property=\"og:locale\" content=\"fr_FR\" \/>\n<meta property=\"og:type\" content=\"article\" \/>\n<meta property=\"og:title\" content=\"Foire aux questions - ARSACS\" \/>\n<meta property=\"og:description\" content=\"Foire aux questionsUn registre de patients est une banque de donn\u00e9es sur les individus qui ont une maladie sp\u00e9cifique. Le registre international ARSACS s\u2019adresse aux personnes atteintes de l\u2019ataxie spastique autosomique r\u00e9cessive de Charlevoix-Saguenay (ARSACS). Le registre international des patients ARSACS est parrain\u00e9 par la Fondation de l\u2019Ataxie Charlevoix-Saguenay, un organisme de bienfaisance.En vous inscrivant [&hellip;]\" \/>\n<meta property=\"og:url\" content=\"https:\/\/arsacs.com\/fr\/foire-aux-questions\/\" \/>\n<meta property=\"og:site_name\" content=\"ARSACS\" \/>\n<meta property=\"article:publisher\" content=\"https:\/\/www.facebook.com\/profile.php?id=100044457429916\" \/>\n<meta property=\"article:modified_time\" content=\"2021-07-12T23:01:21+00:00\" \/>\n<meta name=\"twitter:card\" content=\"summary_large_image\" \/>\n<meta name=\"twitter:label1\" content=\"Est. reading time\" \/>\n\t<meta name=\"twitter:data1\" content=\"9 minutes\" \/>\n<script type=\"application\/ld+json\" class=\"yoast-schema-graph\">{\"@context\":\"https:\\\/\\\/schema.org\",\"@graph\":[{\"@type\":\"WebPage\",\"@id\":\"https:\\\/\\\/arsacs.com\\\/fr\\\/foire-aux-questions\\\/\",\"url\":\"https:\\\/\\\/arsacs.com\\\/fr\\\/foire-aux-questions\\\/\",\"name\":\"Foire aux questions - ARSACS\",\"isPartOf\":{\"@id\":\"https:\\\/\\\/arsacs.com\\\/#website\"},\"datePublished\":\"2021-04-30T01:03:12+00:00\",\"dateModified\":\"2021-07-12T23:01:21+00:00\",\"breadcrumb\":{\"@id\":\"https:\\\/\\\/arsacs.com\\\/fr\\\/foire-aux-questions\\\/#breadcrumb\"},\"inLanguage\":\"fr-FR\",\"potentialAction\":[{\"@type\":\"ReadAction\",\"target\":[\"https:\\\/\\\/arsacs.com\\\/fr\\\/foire-aux-questions\\\/\"]}]},{\"@type\":\"BreadcrumbList\",\"@id\":\"https:\\\/\\\/arsacs.com\\\/fr\\\/foire-aux-questions\\\/#breadcrumb\",\"itemListElement\":[{\"@type\":\"ListItem\",\"position\":1,\"name\":\"Home\",\"item\":\"https:\\\/\\\/arsacs.com\\\/\"},{\"@type\":\"ListItem\",\"position\":2,\"name\":\"Foire aux questions\"}]},{\"@type\":\"WebSite\",\"@id\":\"https:\\\/\\\/arsacs.com\\\/#website\",\"url\":\"https:\\\/\\\/arsacs.com\\\/\",\"name\":\"Fondation de l'Ataxie Charlevoix-Saguenay\",\"description\":\"Research That Heals\",\"publisher\":{\"@id\":\"https:\\\/\\\/arsacs.com\\\/#organization\"},\"potentialAction\":[{\"@type\":\"SearchAction\",\"target\":{\"@type\":\"EntryPoint\",\"urlTemplate\":\"https:\\\/\\\/arsacs.com\\\/?s={search_term_string}\"},\"query-input\":{\"@type\":\"PropertyValueSpecification\",\"valueRequired\":true,\"valueName\":\"search_term_string\"}}],\"inLanguage\":\"fr-FR\"},{\"@type\":\"Organization\",\"@id\":\"https:\\\/\\\/arsacs.com\\\/#organization\",\"name\":\"ARSACS\",\"url\":\"https:\\\/\\\/arsacs.com\\\/\",\"logo\":{\"@type\":\"ImageObject\",\"inLanguage\":\"fr-FR\",\"@id\":\"https:\\\/\\\/arsacs.com\\\/#\\\/schema\\\/logo\\\/image\\\/\",\"url\":\"https:\\\/\\\/arsacs.com\\\/wp-content\\\/uploads\\\/2021\\\/06\\\/logo_ARSACS_fr_flat.png\",\"contentUrl\":\"https:\\\/\\\/arsacs.com\\\/wp-content\\\/uploads\\\/2021\\\/06\\\/logo_ARSACS_fr_flat.png\",\"width\":291,\"height\":84,\"caption\":\"ARSACS\"},\"image\":{\"@id\":\"https:\\\/\\\/arsacs.com\\\/#\\\/schema\\\/logo\\\/image\\\/\"},\"sameAs\":[\"https:\\\/\\\/www.facebook.com\\\/profile.php?id=100044457429916\"]}]}<\/script>\n<!-- \/ Yoast SEO plugin. -->","yoast_head_json":{"title":"Foire aux questions - ARSACS","robots":{"index":"index","follow":"follow","max-snippet":"max-snippet:-1","max-image-preview":"max-image-preview:large","max-video-preview":"max-video-preview:-1"},"canonical":"https:\/\/arsacs.com\/fr\/foire-aux-questions\/","og_locale":"fr_FR","og_type":"article","og_title":"Foire aux questions - ARSACS","og_description":"Foire aux questionsUn registre de patients est une banque de donn\u00e9es sur les individus qui ont une maladie sp\u00e9cifique. Le registre international ARSACS s\u2019adresse aux personnes atteintes de l\u2019ataxie spastique autosomique r\u00e9cessive de Charlevoix-Saguenay (ARSACS). Le registre international des patients ARSACS est parrain\u00e9 par la Fondation de l\u2019Ataxie Charlevoix-Saguenay, un organisme de bienfaisance.En vous inscrivant [&hellip;]","og_url":"https:\/\/arsacs.com\/fr\/foire-aux-questions\/","og_site_name":"ARSACS","article_publisher":"https:\/\/www.facebook.com\/profile.php?id=100044457429916","article_modified_time":"2021-07-12T23:01:21+00:00","twitter_card":"summary_large_image","twitter_misc":{"Est. reading time":"9 minutes"},"schema":{"@context":"https:\/\/schema.org","@graph":[{"@type":"WebPage","@id":"https:\/\/arsacs.com\/fr\/foire-aux-questions\/","url":"https:\/\/arsacs.com\/fr\/foire-aux-questions\/","name":"Foire aux questions - ARSACS","isPartOf":{"@id":"https:\/\/arsacs.com\/#website"},"datePublished":"2021-04-30T01:03:12+00:00","dateModified":"2021-07-12T23:01:21+00:00","breadcrumb":{"@id":"https:\/\/arsacs.com\/fr\/foire-aux-questions\/#breadcrumb"},"inLanguage":"fr-FR","potentialAction":[{"@type":"ReadAction","target":["https:\/\/arsacs.com\/fr\/foire-aux-questions\/"]}]},{"@type":"BreadcrumbList","@id":"https:\/\/arsacs.com\/fr\/foire-aux-questions\/#breadcrumb","itemListElement":[{"@type":"ListItem","position":1,"name":"Home","item":"https:\/\/arsacs.com\/"},{"@type":"ListItem","position":2,"name":"Foire aux questions"}]},{"@type":"WebSite","@id":"https:\/\/arsacs.com\/#website","url":"https:\/\/arsacs.com\/","name":"Fondation de l'Ataxie Charlevoix-Saguenay","description":"Research That Heals","publisher":{"@id":"https:\/\/arsacs.com\/#organization"},"potentialAction":[{"@type":"SearchAction","target":{"@type":"EntryPoint","urlTemplate":"https:\/\/arsacs.com\/?s={search_term_string}"},"query-input":{"@type":"PropertyValueSpecification","valueRequired":true,"valueName":"search_term_string"}}],"inLanguage":"fr-FR"},{"@type":"Organization","@id":"https:\/\/arsacs.com\/#organization","name":"ARSACS","url":"https:\/\/arsacs.com\/","logo":{"@type":"ImageObject","inLanguage":"fr-FR","@id":"https:\/\/arsacs.com\/#\/schema\/logo\/image\/","url":"https:\/\/arsacs.com\/wp-content\/uploads\/2021\/06\/logo_ARSACS_fr_flat.png","contentUrl":"https:\/\/arsacs.com\/wp-content\/uploads\/2021\/06\/logo_ARSACS_fr_flat.png","width":291,"height":84,"caption":"ARSACS"},"image":{"@id":"https:\/\/arsacs.com\/#\/schema\/logo\/image\/"},"sameAs":["https:\/\/www.facebook.com\/profile.php?id=100044457429916"]}]}},"_links":{"self":[{"href":"https:\/\/arsacs.com\/fr\/wp-json\/wp\/v2\/pages\/13179","targetHints":{"allow":["GET"]}}],"collection":[{"href":"https:\/\/arsacs.com\/fr\/wp-json\/wp\/v2\/pages"}],"about":[{"href":"https:\/\/arsacs.com\/fr\/wp-json\/wp\/v2\/types\/page"}],"author":[{"embeddable":true,"href":"https:\/\/arsacs.com\/fr\/wp-json\/wp\/v2\/users\/3"}],"replies":[{"embeddable":true,"href":"https:\/\/arsacs.com\/fr\/wp-json\/wp\/v2\/comments?post=13179"}],"version-history":[{"count":15,"href":"https:\/\/arsacs.com\/fr\/wp-json\/wp\/v2\/pages\/13179\/revisions"}],"predecessor-version":[{"id":14264,"href":"https:\/\/arsacs.com\/fr\/wp-json\/wp\/v2\/pages\/13179\/revisions\/14264"}],"wp:attachment":[{"href":"https:\/\/arsacs.com\/fr\/wp-json\/wp\/v2\/media?parent=13179"}],"curies":[{"name":"wp","href":"https:\/\/api.w.org\/{rel}","templated":true}]}}