{"id":15327,"date":"2021-08-19T16:24:27","date_gmt":"2021-08-19T20:24:27","guid":{"rendered":"https:\/\/arsacs.com\/levee-de-fonds\/diner-des-producteurs-2015\/"},"modified":"2021-08-19T18:30:04","modified_gmt":"2021-08-19T22:30:04","slug":"diner-des-producteurs-2015","status":"publish","type":"page","link":"https:\/\/arsacs.com\/fr\/levee-de-fonds\/diner-des-producteurs-2015\/","title":{"rendered":"D\u00eener des Producteurs 2015"},"content":{"rendered":"\n[et_pb_section fb_built=&#8221;1&#8243; custom_padding_last_edited=&#8221;on|tablet&#8221; next_background_color=&#8221;#000000&#8243; admin_label=&#8221;Hero&#8221; _builder_version=&#8221;4.8.2&#8243; use_background_color_gradient=&#8221;on&#8221; background_color_gradient_start=&#8221;rgba(255,255,255,0)&#8221; background_color_gradient_end=&#8221;#26a9e4&#8243; background_color_gradient_type=&#8221;radial&#8221; background_color_gradient_direction_radial=&#8221;top right&#8221; background_color_gradient_start_position=&#8221;20%&#8221; background_color_gradient_overlays_image=&#8221;on&#8221; background_image=&#8221;https:\/\/arsacs.com\/wp-content\/uploads\/2021\/03\/banner-general-1-scaled.jpg&#8221; custom_padding=&#8221;47px|0px|87px|0px|false|false&#8221; custom_padding_tablet=&#8221;50px||50px||true&#8221; custom_padding_phone=&#8221;|||&#8221; bottom_divider_style=&#8221;asymmetric&#8221; bottom_divider_height=&#8221;50px&#8221; bottom_divider_flip=&#8221;horizontal&#8221; bottom_divider_height_tablet=&#8221;90px&#8221; bottom_divider_height_phone=&#8221;80px&#8221; global_colors_info=&#8221;{}&#8221;][et_pb_row column_structure=&#8221;2_3,1_3&#8243; _builder_version=&#8221;3.25&#8243; custom_width_px=&#8221;1280px&#8221; global_colors_info=&#8221;{}&#8221;][et_pb_column type=&#8221;2_3&#8243; _builder_version=&#8221;3.25&#8243; custom_padding=&#8221;|||&#8221; global_colors_info=&#8221;{}&#8221; custom_padding__hover=&#8221;|||&#8221;][et_pb_text _builder_version=&#8221;4.9.11&#8243; text_font=&#8221;Montserrat||||||||&#8221; text_text_color=&#8221;rgba(255,255,255,0.7)&#8221; text_font_size=&#8221;20px&#8221; text_line_height=&#8221;1.8em&#8221; header_font=&#8221;Montserrat|700|||||||&#8221; header_font_size=&#8221;44px&#8221; header_line_height=&#8221;1.4em&#8221; header_6_font=&#8221;Montserrat|600||on|||||&#8221; header_6_text_color=&#8221;rgba(255,255,255,0.7)&#8221; header_6_font_size=&#8221;16px&#8221; header_6_letter_spacing=&#8221;2px&#8221; header_6_line_height=&#8221;1.5em&#8221; background_layout=&#8221;dark&#8221; max_width=&#8221;780px&#8221; min_height=&#8221;39px&#8221; hover_enabled=&#8221;0&#8243; text_font_size_tablet=&#8221;&#8221; text_font_size_phone=&#8221;15px&#8221; text_font_size_last_edited=&#8221;on|phone&#8221; header_font_size_tablet=&#8221;&#8221; header_font_size_phone=&#8221;28px&#8221; header_font_size_last_edited=&#8221;on|phone&#8221; global_colors_info=&#8221;{}&#8221; sticky_enabled=&#8221;0&#8243;]<h1>D\u00eener des Producteurs 2015<\/h1>[\/et_pb_text][\/et_pb_column][et_pb_column type=&#8221;1_3&#8243; _builder_version=&#8221;3.25&#8243; custom_padding=&#8221;|||&#8221; global_colors_info=&#8221;{}&#8221; custom_padding__hover=&#8221;|||&#8221;][\/et_pb_column][\/et_pb_row][\/et_pb_section][et_pb_section fb_built=&#8221;1&#8243; _builder_version=&#8221;4.9.11&#8243; _module_preset=&#8221;default&#8221; background_color=&#8221;#000000&#8243; hover_enabled=&#8221;0&#8243; sticky_enabled=&#8221;0&#8243; background_image=&#8221;https:\/\/arsacs.com\/wp-content\/uploads\/2016\/04\/image046_w1000-1.png&#8221;][et_pb_row _builder_version=&#8221;4.9.11&#8243; _module_preset=&#8221;default&#8221;][et_pb_column _builder_version=&#8221;4.9.11&#8243; _module_preset=&#8221;default&#8221; type=&#8221;4_4&#8243;][et_pb_text _builder_version=&#8221;4.9.11&#8243; _module_preset=&#8221;default&#8221; background_layout=&#8221;dark&#8221; header_font_size=&#8221;228.5%&#8221; header_font=&#8221;Lato|700|||||||&#8221; header_text_align=&#8221;center&#8221; header_2_font_size=&#8221;3.25em&#8221; header_2_text_align=&#8221;center&#8221; header_2_font=&#8221;Lato|700|||||||&#8221; header_line_height=&#8221;1.3em&#8221; hover_enabled=&#8221;0&#8243; sticky_enabled=&#8221;0&#8243;]<h1><span class=\"text-above\">Nous avons amass\u00e9<\/span><\/h1>\n<h2 class=\"number-wrap w-h\"><span class=\"number\">729000<\/span><span class=\"prefix\">$<\/span><span class=\"suffix\"><span> <\/span>net<\/span><\/h2>\n<h1><span class=\"text-below\">pour la recherche sur ARSACS<\/span><\/h1>[\/et_pb_text][et_pb_image src=&#8221;https:\/\/arsacs.com\/wp-content\/uploads\/2016\/04\/diner_2015_cheque.jpg&#8221; _builder_version=&#8221;4.9.11&#8243; _module_preset=&#8221;default&#8221; hover_enabled=&#8221;0&#8243; sticky_enabled=&#8221;0&#8243; align=&#8221;center&#8221;][\/et_pb_image][\/et_pb_column][\/et_pb_row][\/et_pb_section][et_pb_section fb_built=&#8221;1&#8243; _builder_version=&#8221;4.9.11&#8243; hover_enabled=&#8221;0&#8243; global_colors_info=&#8221;{}&#8221; background_color=&#8221;#00ADE8&#8243; sticky_enabled=&#8221;0&#8243;][et_pb_row _builder_version=&#8221;3.25&#8243; background_size=&#8221;initial&#8221; background_position=&#8221;top_left&#8221; background_repeat=&#8221;repeat&#8221; global_colors_info=&#8221;{}&#8221;][et_pb_column type=&#8221;4_4&#8243; _builder_version=&#8221;3.25&#8243; custom_padding=&#8221;|||&#8221; global_colors_info=&#8221;{}&#8221; custom_padding__hover=&#8221;|||&#8221;][et_pb_text _builder_version=&#8221;4.9.11&#8243; background_size=&#8221;initial&#8221; background_position=&#8221;top_left&#8221; background_repeat=&#8221;repeat&#8221; hover_enabled=&#8221;0&#8243; global_colors_info=&#8221;{}&#8221; sticky_enabled=&#8221;0&#8243;][\/et_pb_text][et_pb_text _builder_version=&#8221;4.9.11&#8243; _module_preset=&#8221;default&#8221; background_layout=&#8221;dark&#8221; header_font_size=&#8221;40px&#8221; hover_enabled=&#8221;0&#8243; sticky_enabled=&#8221;0&#8243; header_line_height=&#8221;2em&#8221; header_2_line_height=&#8221;1.3em&#8221; header_2_font=&#8221;|700|||||||&#8221; header_font=&#8221;|600|||||||&#8221;]<h1><span>Un succ\u00e8s, 729 000$ pour la recherche!<\/span><\/h1>\n<h2 class=\"h-custom-headline man h3 accent\"><span>Le 9 d\u00e9cembre, 2015 &#8211; Montr\u00e9al, Qu\u00e9bec.<\/span><\/h2>\n<p><span>La Fondation de l\u2019Ataxie Charlevoix-Saguenay &#8211; Le &#8220;D\u00eener des Producteurs&#8221; qui a eu lieu le 3 d\u00e9cembre dernier \u00e0 Montr\u00e9al a permis d\u2019amasser la somme nette de 729 000$ pour la recherche sur l\u2019Ataxie r\u00e9cessive spastique autosomique de Charlevoix-Saguenay (ARSACS). Sous la pr\u00e9sidence d&#8217;honneur de Mme Sylvia Soyka, la soir\u00e9e-b\u00e9n\u00e9fice annuelle qui en est \u00e0 sa 9e \u00e9dition mettait \u00e0 l\u2019honneur de grands chefs qu\u00e9b\u00e9cois et Mme Virginie Taupenot, productrice vinicole du Domaine Taupenot-Merme. La Fondation tient \u00e0 remercier tous les participants et les donateurs pour leur g\u00e9n\u00e9rosit\u00e9 et leur soutien.<\/span><\/p>[\/et_pb_text][\/et_pb_column][\/et_pb_row][et_pb_row _builder_version=&#8221;4.9.11&#8243; _module_preset=&#8221;default&#8221; column_structure=&#8221;1_2,1_2&#8243;][et_pb_column _builder_version=&#8221;4.9.11&#8243; _module_preset=&#8221;default&#8221; type=&#8221;1_2&#8243;][et_pb_blurb image=&#8221;https:\/\/arsacs.com\/wp-content\/uploads\/2016\/04\/diner_2015_clicquot.jpg&#8221; _builder_version=&#8221;4.9.11&#8243; _module_preset=&#8221;default&#8221; background_layout=&#8221;dark&#8221; icon_alignment=&#8221;left&#8221; hover_enabled=&#8221;0&#8243; sticky_enabled=&#8221;0&#8243;]<p><span>Avec la participation exceptionnelle de Veuve Cliquot<\/span><\/p>[\/et_pb_blurb][et_pb_blurb image=&#8221;https:\/\/arsacs.com\/wp-content\/uploads\/2016\/04\/diner_2015_presidente.jpg&#8221; _builder_version=&#8221;4.9.11&#8243; _module_preset=&#8221;default&#8221; background_layout=&#8221;dark&#8221; icon_alignment=&#8221;left&#8221; hover_enabled=&#8221;0&#8243; sticky_enabled=&#8221;0&#8243;]<p><span>Mme Sylvia Soyka, pr\u00e9sidente, Soyka Holdings Inc<\/span><\/p>[\/et_pb_blurb][et_pb_blurb image=&#8221;https:\/\/arsacs.com\/wp-content\/uploads\/2016\/04\/diner_2015_chefs.jpg&#8221; _builder_version=&#8221;4.9.11&#8243; _module_preset=&#8221;default&#8221; background_layout=&#8221;dark&#8221; icon_alignment=&#8221;left&#8221; hover_enabled=&#8221;0&#8243; sticky_enabled=&#8221;0&#8243;]<p><span>Les chefs \u00e0 l&#8217;oeuvre<\/span><\/p>[\/et_pb_blurb][\/et_pb_column][et_pb_column _builder_version=&#8221;4.9.11&#8243; _module_preset=&#8221;default&#8221; type=&#8221;1_2&#8243;][et_pb_blurb image=&#8221;https:\/\/arsacs.com\/wp-content\/uploads\/2016\/04\/diner_2015_serveuse.jpg&#8221; _builder_version=&#8221;4.9.11&#8243; _module_preset=&#8221;default&#8221; background_layout=&#8221;dark&#8221; icon_alignment=&#8221;left&#8221; hover_enabled=&#8221;0&#8243; sticky_enabled=&#8221;0&#8243;]<p><span>Merci \u00e0 nos commanditaires et b\u00e9n\u00e9voles<\/span><\/p>[\/et_pb_blurb][et_pb_blurb image=&#8221;https:\/\/arsacs.com\/wp-content\/uploads\/2016\/04\/diner_2015_huard.jpg&#8221; _builder_version=&#8221;4.9.11&#8243; _module_preset=&#8221;default&#8221; background_layout=&#8221;dark&#8221; icon_alignment=&#8221;left&#8221; hover_enabled=&#8221;0&#8243; sticky_enabled=&#8221;0&#8243;]<p><span>Patrick Huard, animateur de la soir\u00e9e et de l&#8217;encan<\/span><\/p>[\/et_pb_blurb][et_pb_blurb image=&#8221;https:\/\/arsacs.com\/wp-content\/uploads\/2016\/04\/diner_2015_table.jpg&#8221; _builder_version=&#8221;4.9.11&#8243; _module_preset=&#8221;default&#8221; background_layout=&#8221;dark&#8221; icon_alignment=&#8221;left&#8221; hover_enabled=&#8221;0&#8243; sticky_enabled=&#8221;0&#8243;]<p><span>Cr\u00e9ation des chefs qu\u00e9b\u00e9cois<\/span><\/p>[\/et_pb_blurb][\/et_pb_column][\/et_pb_row][\/et_pb_section][et_pb_section fb_built=&#8221;1&#8243; custom_padding_last_edited=&#8221;off|desktop&#8221; prev_background_color=&#8221;#00ADE8&#8243; admin_label=&#8221;Footer&#8221; module_id=&#8221;contact-footer&#8221; _builder_version=&#8221;4.8.2&#8243; use_background_color_gradient=&#8221;on&#8221; background_color_gradient_start=&#8221;rgba(40,167,227,0.5)&#8221; background_color_gradient_end=&#8221;rgba(255,255,255,0)&#8221; background_color_gradient_type=&#8221;radial&#8221; background_color_gradient_direction_radial=&#8221;top right&#8221; background_color_gradient_overlays_image=&#8221;on&#8221; background_image=&#8221;https:\/\/arsacs.com\/wp-content\/uploads\/2021\/02\/subscribe.png&#8221; custom_padding=&#8221;100px||100px||true&#8221; top_divider_style=&#8221;asymmetric&#8221; top_divider_height=&#8221;50px&#8221; top_divider_flip=&#8221;vertical|horizontal&#8221; saved_tabs=&#8221;all&#8221; global_colors_info=&#8221;{}&#8221; global_module=&#8221;10732&#8243;][et_pb_row column_structure=&#8221;1_4,1_4,1_2&#8243; use_custom_gutter=&#8221;on&#8221; gutter_width=&#8221;1&#8243; make_equal=&#8221;on&#8221; module_id=&#8221;contact-arsacs&#8221; _builder_version=&#8221;4.9.4&#8243; global_colors_info=&#8221;{}&#8221;][et_pb_column type=&#8221;1_4&#8243; _builder_version=&#8221;4.8.2&#8243; custom_padding=&#8221;2vw||||false|false&#8221; global_colors_info=&#8221;{}&#8221; custom_padding__hover=&#8221;|||&#8221;][et_pb_blurb use_icon=&#8221;on&#8221; font_icon=&#8221;%%249%%&#8221; icon_color=&#8221;#52a2ec&#8221; use_circle=&#8221;on&#8221; circle_color=&#8221;#FFFFFF&#8221; content_max_width=&#8221;570px&#8221; use_icon_font_size=&#8221;on&#8221; icon_font_size=&#8221;20px&#8221; _builder_version=&#8221;4.8.2&#8243; header_font=&#8221;Montserrat||||||||&#8221; header_font_size=&#8221;16px&#8221; header_line_height=&#8221;1.5em&#8221; body_font=&#8221;Montserrat||||||||&#8221; body_text_color=&#8221;rgba(206,206,206,0.9)&#8221; body_font_size=&#8221;16px&#8221; body_line_height=&#8221;1.5em&#8221; text_orientation=&#8221;center&#8221; background_layout=&#8221;dark&#8221; custom_margin=&#8221;|||&#8221; custom_padding=&#8221;|||&#8221; border_radii=&#8221;on|10px|10px|10px|10px&#8221; locked=&#8221;off&#8221; global_colors_info=&#8221;{}&#8221;]<p>1000 Sherbrooke O, bur. 2100, Montr\u00e9al, QC H3A 3G4<\/p>[\/et_pb_blurb][\/et_pb_column][et_pb_column type=&#8221;1_4&#8243; _builder_version=&#8221;4.8.2&#8243; custom_padding=&#8221;2vw||||false|false&#8221; global_colors_info=&#8221;{}&#8221; custom_padding__hover=&#8221;|||&#8221;][et_pb_blurb use_icon=&#8221;on&#8221; font_icon=&#8221;%%238%%&#8221; icon_color=&#8221;#52a2ec&#8221; use_circle=&#8221;on&#8221; circle_color=&#8221;#FFFFFF&#8221; content_max_width=&#8221;570px&#8221; use_icon_font_size=&#8221;on&#8221; icon_font_size=&#8221;20px&#8221; _builder_version=&#8221;4.8.2&#8243; header_font=&#8221;Montserrat||||||||&#8221; header_font_size=&#8221;16px&#8221; header_line_height=&#8221;1.5em&#8221; body_font=&#8221;Montserrat||||||||&#8221; body_font_size=&#8221;16px&#8221; body_line_height=&#8221;1.5em&#8221; body_link_text_color=&#8221;rgba(206,206,206,0.9)&#8221; text_orientation=&#8221;center&#8221; background_layout=&#8221;dark&#8221; custom_margin=&#8221;|||&#8221; custom_padding=&#8221;|||&#8221; border_radii=&#8221;on|10px|10px|10px|10px&#8221; locked=&#8221;off&#8221; global_colors_info=&#8221;{}&#8221; background_layout__hover_enabled=&#8221;on|desktop&#8221;]<p><a href=\"tel:15153703625\"><span>1 (514) 370-3625<\/span><\/a><br> <a href=\"mailto:ataxia@arsacs.com\">ataxie@arsacs.com<\/a><\/p>[\/et_pb_blurb][\/et_pb_column][et_pb_column type=&#8221;1_2&#8243; _builder_version=&#8221;3.25&#8243; custom_padding=&#8221;|||&#8221; global_colors_info=&#8221;{}&#8221; custom_padding__hover=&#8221;|||&#8221;][et_pb_contact_form email=&#8221;mchantal.gobeil@gmail.com&#8221; title=&#8221;Contactez Fondation de l&#8217;Ataxie Charlevoix-Saguenay&#8221; _builder_version=&#8221;4.9.4&#8243; _module_preset=&#8221;default&#8221; form_field_background_color=&#8221;#FFFFFF&#8221; form_field_text_color=&#8221;#333333&#8243; form_field_focus_background_color=&#8221;rgba(255,255,255,0.75)&#8221; title_font=&#8221;Montserrat|700|||||||&#8221; title_text_align=&#8221;center&#8221; title_text_color=&#8221;#FFFFFF&#8221; title_font_size=&#8221;44px&#8221; captcha_text_color=&#8221;RGBA(206,206,206,0.9)&#8221; captcha_font_size=&#8221;18px&#8221; captcha_letter_spacing=&#8221;2px&#8221; custom_button=&#8221;on&#8221; button_text_color=&#8221;#FFFFFF&#8221; button_bg_color=&#8221;#52A2EC&#8221; button_border_width=&#8221;1px&#8221; button_border_color=&#8221;#FFFFFF&#8221; button_border_radius=&#8221;50px&#8221; button_font=&#8221;|700|||||||&#8221; custom_css_contact_fields=&#8221;border-radius: 5px;&#8221; custom_css_text_field=&#8221;border-radius: 5px;&#8221; custom_css_captcha_field=&#8221;border-radius: 5px;&#8221; global_colors_info=&#8221;{}&#8221;][et_pb_contact_field field_id=&#8221;Name&#8221; field_title=&#8221;Nom&#8221; _builder_version=&#8221;3.16&#8243; global_colors_info=&#8221;{}&#8221; button_text_size__hover_enabled=&#8221;off&#8221; button_one_text_size__hover_enabled=&#8221;off&#8221; button_two_text_size__hover_enabled=&#8221;off&#8221; button_text_color__hover_enabled=&#8221;off&#8221; button_one_text_color__hover_enabled=&#8221;off&#8221; button_two_text_color__hover_enabled=&#8221;off&#8221; button_border_width__hover_enabled=&#8221;off&#8221; button_one_border_width__hover_enabled=&#8221;off&#8221; button_two_border_width__hover_enabled=&#8221;off&#8221; button_border_color__hover_enabled=&#8221;off&#8221; button_one_border_color__hover_enabled=&#8221;off&#8221; button_two_border_color__hover_enabled=&#8221;off&#8221; button_border_radius__hover_enabled=&#8221;off&#8221; button_one_border_radius__hover_enabled=&#8221;off&#8221; button_two_border_radius__hover_enabled=&#8221;off&#8221; button_letter_spacing__hover_enabled=&#8221;off&#8221; button_one_letter_spacing__hover_enabled=&#8221;off&#8221; button_two_letter_spacing__hover_enabled=&#8221;off&#8221; button_bg_color__hover_enabled=&#8221;off&#8221; button_one_bg_color__hover_enabled=&#8221;off&#8221; button_two_bg_color__hover_enabled=&#8221;off&#8221;][\/et_pb_contact_field][et_pb_contact_field field_id=&#8221;Email&#8221; field_title=&#8221;Courriel&#8221; field_type=&#8221;email&#8221; _builder_version=&#8221;3.16&#8243; global_colors_info=&#8221;{}&#8221; button_text_size__hover_enabled=&#8221;off&#8221; button_one_text_size__hover_enabled=&#8221;off&#8221; button_two_text_size__hover_enabled=&#8221;off&#8221; button_text_color__hover_enabled=&#8221;off&#8221; button_one_text_color__hover_enabled=&#8221;off&#8221; button_two_text_color__hover_enabled=&#8221;off&#8221; button_border_width__hover_enabled=&#8221;off&#8221; button_one_border_width__hover_enabled=&#8221;off&#8221; button_two_border_width__hover_enabled=&#8221;off&#8221; button_border_color__hover_enabled=&#8221;off&#8221; button_one_border_color__hover_enabled=&#8221;off&#8221; button_two_border_color__hover_enabled=&#8221;off&#8221; button_border_radius__hover_enabled=&#8221;off&#8221; button_one_border_radius__hover_enabled=&#8221;off&#8221; button_two_border_radius__hover_enabled=&#8221;off&#8221; button_letter_spacing__hover_enabled=&#8221;off&#8221; button_one_letter_spacing__hover_enabled=&#8221;off&#8221; button_two_letter_spacing__hover_enabled=&#8221;off&#8221; button_bg_color__hover_enabled=&#8221;off&#8221; button_one_bg_color__hover_enabled=&#8221;off&#8221; button_two_bg_color__hover_enabled=&#8221;off&#8221;][\/et_pb_contact_field][et_pb_contact_field field_id=&#8221;Message&#8221; field_title=&#8221;Message&#8221; field_type=&#8221;text&#8221; fullwidth_field=&#8221;on&#8221; _builder_version=&#8221;3.16&#8243; global_colors_info=&#8221;{}&#8221; button_text_size__hover_enabled=&#8221;off&#8221; button_one_text_size__hover_enabled=&#8221;off&#8221; button_two_text_size__hover_enabled=&#8221;off&#8221; button_text_color__hover_enabled=&#8221;off&#8221; button_one_text_color__hover_enabled=&#8221;off&#8221; button_two_text_color__hover_enabled=&#8221;off&#8221; button_border_width__hover_enabled=&#8221;off&#8221; button_one_border_width__hover_enabled=&#8221;off&#8221; button_two_border_width__hover_enabled=&#8221;off&#8221; button_border_color__hover_enabled=&#8221;off&#8221; button_one_border_color__hover_enabled=&#8221;off&#8221; button_two_border_color__hover_enabled=&#8221;off&#8221; button_border_radius__hover_enabled=&#8221;off&#8221; button_one_border_radius__hover_enabled=&#8221;off&#8221; button_two_border_radius__hover_enabled=&#8221;off&#8221; button_letter_spacing__hover_enabled=&#8221;off&#8221; button_one_letter_spacing__hover_enabled=&#8221;off&#8221; button_two_letter_spacing__hover_enabled=&#8221;off&#8221; button_bg_color__hover_enabled=&#8221;off&#8221; button_one_bg_color__hover_enabled=&#8221;off&#8221; button_two_bg_color__hover_enabled=&#8221;off&#8221;][\/et_pb_contact_field][\/et_pb_contact_form][\/et_pb_column][\/et_pb_row][\/et_pb_section]\n","protected":false},"excerpt":{"rendered":"<p>D\u00eener des Producteurs 2015Nous avons amass\u00e9 729000$ net pour la recherche sur ARSACSUn succ\u00e8s, 729 000$ pour la recherche! Le 9 d\u00e9cembre, 2015 &#8211; Montr\u00e9al, Qu\u00e9bec. La Fondation de l\u2019Ataxie Charlevoix-Saguenay &#8211; Le &#8220;D\u00eener des Producteurs&#8221; qui a eu lieu le 3 d\u00e9cembre dernier \u00e0 Montr\u00e9al a permis d\u2019amasser la somme nette de 729 000$ [&hellip;]<\/p>\n","protected":false},"author":3,"featured_media":0,"parent":13702,"menu_order":0,"comment_status":"closed","ping_status":"open","template":"page-template-blank.php","meta":{"_et_pb_use_builder":"on","_et_pb_old_content":"","_et_gb_content_width":"","inline_featured_image":false,"footnotes":""},"class_list":["post-15327","page","type-page","status-publish","hentry"],"yoast_head":"<!-- This site is optimized with the Yoast SEO plugin v27.2 - https:\/\/yoast.com\/product\/yoast-seo-wordpress\/ -->\n<title>D\u00eener des Producteurs 2015 - ARSACS<\/title>\n<meta name=\"robots\" content=\"index, follow, max-snippet:-1, max-image-preview:large, max-video-preview:-1\" \/>\n<link rel=\"canonical\" href=\"https:\/\/arsacs.com\/fundraising\/diner2015\/\" \/>\n<meta property=\"og:locale\" content=\"fr_FR\" \/>\n<meta property=\"og:type\" content=\"article\" \/>\n<meta property=\"og:title\" content=\"D\u00eener des Producteurs 2015 - ARSACS\" \/>\n<meta property=\"og:description\" content=\"D\u00eener des Producteurs 2015Nous avons amass\u00e9 729000$ net pour la recherche sur ARSACSUn succ\u00e8s, 729 000$ pour la recherche! Le 9 d\u00e9cembre, 2015 - Montr\u00e9al, Qu\u00e9bec. La Fondation de l\u2019Ataxie Charlevoix-Saguenay - Le &quot;D\u00eener des Producteurs&quot; qui a eu lieu le 3 d\u00e9cembre dernier \u00e0 Montr\u00e9al a permis d\u2019amasser la somme nette de 729 000$ [&hellip;]\" \/>\n<meta property=\"og:url\" content=\"https:\/\/arsacs.com\/fundraising\/diner2015\/\" \/>\n<meta property=\"og:site_name\" content=\"ARSACS\" \/>\n<meta property=\"article:publisher\" content=\"https:\/\/www.facebook.com\/profile.php?id=100044457429916\" \/>\n<meta property=\"article:modified_time\" content=\"2021-08-19T22:30:04+00:00\" \/>\n<meta name=\"twitter:card\" content=\"summary_large_image\" \/>\n<meta name=\"twitter:label1\" content=\"Est. reading time\" \/>\n\t<meta name=\"twitter:data1\" content=\"9 minutes\" \/>\n<script type=\"application\/ld+json\" class=\"yoast-schema-graph\">{\"@context\":\"https:\/\/schema.org\",\"@graph\":[{\"@type\":\"WebPage\",\"@id\":\"https:\/\/arsacs.com\/fundraising\/diner2015\/\",\"url\":\"https:\/\/arsacs.com\/fundraising\/diner2015\/\",\"name\":\"D\u00eener des Producteurs 2015 - ARSACS\",\"isPartOf\":{\"@id\":\"https:\/\/arsacs.com\/#website\"},\"datePublished\":\"2021-08-19T20:24:27+00:00\",\"dateModified\":\"2021-08-19T22:30:04+00:00\",\"breadcrumb\":{\"@id\":\"https:\/\/arsacs.com\/fundraising\/diner2015\/#breadcrumb\"},\"inLanguage\":\"fr-FR\",\"potentialAction\":[{\"@type\":\"ReadAction\",\"target\":[\"https:\/\/arsacs.com\/fundraising\/diner2015\/\"]}]},{\"@type\":\"BreadcrumbList\",\"@id\":\"https:\/\/arsacs.com\/fundraising\/diner2015\/#breadcrumb\",\"itemListElement\":[{\"@type\":\"ListItem\",\"position\":1,\"name\":\"Home\",\"item\":\"https:\/\/arsacs.com\/\"},{\"@type\":\"ListItem\",\"position\":2,\"name\":\"Lev\u00e9e de fonds\",\"item\":\"https:\/\/arsacs.com\/fundraising\/\"},{\"@type\":\"ListItem\",\"position\":3,\"name\":\"D\u00eener des Producteurs 2015\"}]},{\"@type\":\"WebSite\",\"@id\":\"https:\/\/arsacs.com\/#website\",\"url\":\"https:\/\/arsacs.com\/\",\"name\":\"Fondation de l'Ataxie Charlevoix-Saguenay\",\"description\":\"Research That Heals\",\"publisher\":{\"@id\":\"https:\/\/arsacs.com\/#organization\"},\"potentialAction\":[{\"@type\":\"SearchAction\",\"target\":{\"@type\":\"EntryPoint\",\"urlTemplate\":\"https:\/\/arsacs.com\/?s={search_term_string}\"},\"query-input\":{\"@type\":\"PropertyValueSpecification\",\"valueRequired\":true,\"valueName\":\"search_term_string\"}}],\"inLanguage\":\"fr-FR\"},{\"@type\":\"Organization\",\"@id\":\"https:\/\/arsacs.com\/#organization\",\"name\":\"ARSACS\",\"url\":\"https:\/\/arsacs.com\/\",\"logo\":{\"@type\":\"ImageObject\",\"inLanguage\":\"fr-FR\",\"@id\":\"https:\/\/arsacs.com\/#\/schema\/logo\/image\/\",\"url\":\"https:\/\/arsacs.com\/wp-content\/uploads\/2021\/06\/logo_ARSACS_fr_flat.png\",\"contentUrl\":\"https:\/\/arsacs.com\/wp-content\/uploads\/2021\/06\/logo_ARSACS_fr_flat.png\",\"width\":291,\"height\":84,\"caption\":\"ARSACS\"},\"image\":{\"@id\":\"https:\/\/arsacs.com\/#\/schema\/logo\/image\/\"},\"sameAs\":[\"https:\/\/www.facebook.com\/profile.php?id=100044457429916\"]}]}<\/script>\n<!-- \/ Yoast SEO plugin. -->","yoast_head_json":{"title":"D\u00eener des Producteurs 2015 - ARSACS","robots":{"index":"index","follow":"follow","max-snippet":"max-snippet:-1","max-image-preview":"max-image-preview:large","max-video-preview":"max-video-preview:-1"},"canonical":"https:\/\/arsacs.com\/fundraising\/diner2015\/","og_locale":"fr_FR","og_type":"article","og_title":"D\u00eener des Producteurs 2015 - ARSACS","og_description":"D\u00eener des Producteurs 2015Nous avons amass\u00e9 729000$ net pour la recherche sur ARSACSUn succ\u00e8s, 729 000$ pour la recherche! Le 9 d\u00e9cembre, 2015 - Montr\u00e9al, Qu\u00e9bec. La Fondation de l\u2019Ataxie Charlevoix-Saguenay - Le \"D\u00eener des Producteurs\" qui a eu lieu le 3 d\u00e9cembre dernier \u00e0 Montr\u00e9al a permis d\u2019amasser la somme nette de 729 000$ [&hellip;]","og_url":"https:\/\/arsacs.com\/fundraising\/diner2015\/","og_site_name":"ARSACS","article_publisher":"https:\/\/www.facebook.com\/profile.php?id=100044457429916","article_modified_time":"2021-08-19T22:30:04+00:00","twitter_card":"summary_large_image","twitter_misc":{"Est. reading time":"9 minutes"},"schema":{"@context":"https:\/\/schema.org","@graph":[{"@type":"WebPage","@id":"https:\/\/arsacs.com\/fundraising\/diner2015\/","url":"https:\/\/arsacs.com\/fundraising\/diner2015\/","name":"D\u00eener des Producteurs 2015 - ARSACS","isPartOf":{"@id":"https:\/\/arsacs.com\/#website"},"datePublished":"2021-08-19T20:24:27+00:00","dateModified":"2021-08-19T22:30:04+00:00","breadcrumb":{"@id":"https:\/\/arsacs.com\/fundraising\/diner2015\/#breadcrumb"},"inLanguage":"fr-FR","potentialAction":[{"@type":"ReadAction","target":["https:\/\/arsacs.com\/fundraising\/diner2015\/"]}]},{"@type":"BreadcrumbList","@id":"https:\/\/arsacs.com\/fundraising\/diner2015\/#breadcrumb","itemListElement":[{"@type":"ListItem","position":1,"name":"Home","item":"https:\/\/arsacs.com\/"},{"@type":"ListItem","position":2,"name":"Lev\u00e9e de fonds","item":"https:\/\/arsacs.com\/fundraising\/"},{"@type":"ListItem","position":3,"name":"D\u00eener des Producteurs 2015"}]},{"@type":"WebSite","@id":"https:\/\/arsacs.com\/#website","url":"https:\/\/arsacs.com\/","name":"Fondation de l'Ataxie Charlevoix-Saguenay","description":"Research That Heals","publisher":{"@id":"https:\/\/arsacs.com\/#organization"},"potentialAction":[{"@type":"SearchAction","target":{"@type":"EntryPoint","urlTemplate":"https:\/\/arsacs.com\/?s={search_term_string}"},"query-input":{"@type":"PropertyValueSpecification","valueRequired":true,"valueName":"search_term_string"}}],"inLanguage":"fr-FR"},{"@type":"Organization","@id":"https:\/\/arsacs.com\/#organization","name":"ARSACS","url":"https:\/\/arsacs.com\/","logo":{"@type":"ImageObject","inLanguage":"fr-FR","@id":"https:\/\/arsacs.com\/#\/schema\/logo\/image\/","url":"https:\/\/arsacs.com\/wp-content\/uploads\/2021\/06\/logo_ARSACS_fr_flat.png","contentUrl":"https:\/\/arsacs.com\/wp-content\/uploads\/2021\/06\/logo_ARSACS_fr_flat.png","width":291,"height":84,"caption":"ARSACS"},"image":{"@id":"https:\/\/arsacs.com\/#\/schema\/logo\/image\/"},"sameAs":["https:\/\/www.facebook.com\/profile.php?id=100044457429916"]}]}},"_links":{"self":[{"href":"https:\/\/arsacs.com\/fr\/wp-json\/wp\/v2\/pages\/15327","targetHints":{"allow":["GET"]}}],"collection":[{"href":"https:\/\/arsacs.com\/fr\/wp-json\/wp\/v2\/pages"}],"about":[{"href":"https:\/\/arsacs.com\/fr\/wp-json\/wp\/v2\/types\/page"}],"author":[{"embeddable":true,"href":"https:\/\/arsacs.com\/fr\/wp-json\/wp\/v2\/users\/3"}],"replies":[{"embeddable":true,"href":"https:\/\/arsacs.com\/fr\/wp-json\/wp\/v2\/comments?post=15327"}],"version-history":[{"count":8,"href":"https:\/\/arsacs.com\/fr\/wp-json\/wp\/v2\/pages\/15327\/revisions"}],"predecessor-version":[{"id":15337,"href":"https:\/\/arsacs.com\/fr\/wp-json\/wp\/v2\/pages\/15327\/revisions\/15337"}],"up":[{"embeddable":true,"href":"https:\/\/arsacs.com\/fr\/wp-json\/wp\/v2\/pages\/13702"}],"wp:attachment":[{"href":"https:\/\/arsacs.com\/fr\/wp-json\/wp\/v2\/media?parent=15327"}],"curies":[{"name":"wp","href":"https:\/\/api.w.org\/{rel}","templated":true}]}}